{"id":127,"date":"2021-03-29T08:00:11","date_gmt":"2021-03-29T08:00:11","guid":{"rendered":"https:\/\/bienvenida.augustushotels.es\/hotel-augustus\/"},"modified":"2021-04-28T09:37:25","modified_gmt":"2021-04-28T09:37:25","slug":"hotel-augustus","status":"publish","type":"page","link":"https:\/\/bienvenida.augustushotels.es\/fr\/hotel-augustus\/","title":{"rendered":"Hotel Augustus"},"content":{"rendered":"<p>[vc_row][vc_column][vc_single_image image=\u00a0\u00bb128&Prime; img_size=\u00a0\u00bbfull\u00a0\u00bb alignment=\u00a0\u00bbcenter\u00a0\u00bb][\/vc_column][\/vc_row][vc_row][vc_column][vc_column_text]<\/p>\n<h2 style=\"text-align: center;\">Bienvenue \u00e0 l&rsquo;H\u00f4tel Augustus!<\/h2>\n<p style=\"text-align: center;\">Vous trouverez ci-dessous toutes les informations dont vous avez besoin pour un s\u00e9jour parfait dans notre h\u00f4tel.\u00a0Nous esp\u00e9rons que vous vivrez une excellente exp\u00e9rience \u00e0 l&rsquo;h\u00f4tel Cesar Augustus, nous ferons tout notre possible pour que ce soit le cas.<\/p>\n<p>[\/vc_column_text][\/vc_column][\/vc_row][vc_row][vc_column][vc_row_inner][vc_column_inner width=\u00a0\u00bb1\/2&Prime;][vc_column_text]<\/p>\n<h3 style=\"text-align: center;\">Animation et activit\u00e9s<\/h3>\n<p>[\/vc_column_text][vc_single_image image=\u00a0\u00bb138&Prime; img_size=\u00a0\u00bbmedium\u00a0\u00bb alignment=\u00a0\u00bbcenter\u00a0\u00bb][vc_btn title=\u00a0\u00bbAller \u00e0 Animation et activit\u00e9s\u00a0\u00bb style=\u00a0\u00bbclassic\u00a0\u00bb color=\u00a0\u00bbinfo\u00a0\u00bb align=\u00a0\u00bbcenter\u00a0\u00bb link=\u00a0\u00bburl:https%3A%2F%2Fbienvenida.augustushotels.es%2Ffr%2Fanimation-et-activites%2F|title:Agenda%20de%20actividades||\u00a0\u00bb][\/vc_column_inner][vc_column_inner width=\u00a0\u00bb1\/2&Prime;][vc_column_text]<\/p>\n<h3 style=\"text-align: center;\">Informations et services<\/h3>\n<p>[\/vc_column_text][vc_single_image image=\u00a0\u00bb139&Prime; img_size=\u00a0\u00bbmedium\u00a0\u00bb alignment=\u00a0\u00bbcenter\u00a0\u00bb][vc_btn title=\u00a0\u00bbAller \u00e0 Informations et services\u00a0\u00bb style=\u00a0\u00bbclassic\u00a0\u00bb color=\u00a0\u00bbinfo\u00a0\u00bb align=\u00a0\u00bbcenter\u00a0\u00bb link=\u00a0\u00bburl:https%3A%2F%2Fbienvenida.augustushotels.es%2Ffr%2Finformation-et-services%2F|||\u00a0\u00bb][\/vc_column_inner][\/vc_row_inner][\/vc_column][\/vc_row]<\/p>\n","protected":false},"excerpt":{"rendered":"<p>[vc_row][vc_column][vc_single_image image=\u00a0\u00bb128&Prime; img_size=\u00a0\u00bbfull\u00a0\u00bb alignment=\u00a0\u00bbcenter\u00a0\u00bb][\/vc_column][\/vc_row][vc_row][vc_column][vc_column_text]<br \/>\nBienvenue \u00e0 l&rsquo;H\u00f4tel Augustus!<br \/>\nVous trouverez ci-dessous toutes les informations dont vous avez besoin pour un <\/p>\n","protected":false},"author":2,"featured_media":0,"parent":0,"menu_order":0,"comment_status":"closed","ping_status":"closed","template":"","meta":{"footnotes":""},"class_list":["post-127","page","type-page","status-publish","hentry"],"_links":{"self":[{"href":"https:\/\/bienvenida.augustushotels.es\/fr\/wp-json\/wp\/v2\/pages\/127","targetHints":{"allow":["GET"]}}],"collection":[{"href":"https:\/\/bienvenida.augustushotels.es\/fr\/wp-json\/wp\/v2\/pages"}],"about":[{"href":"https:\/\/bienvenida.augustushotels.es\/fr\/wp-json\/wp\/v2\/types\/page"}],"author":[{"embeddable":true,"href":"https:\/\/bienvenida.augustushotels.es\/fr\/wp-json\/wp\/v2\/users\/2"}],"replies":[{"embeddable":true,"href":"https:\/\/bienvenida.augustushotels.es\/fr\/wp-json\/wp\/v2\/comments?post=127"}],"version-history":[{"count":5,"href":"https:\/\/bienvenida.augustushotels.es\/fr\/wp-json\/wp\/v2\/pages\/127\/revisions"}],"predecessor-version":[{"id":322,"href":"https:\/\/bienvenida.augustushotels.es\/fr\/wp-json\/wp\/v2\/pages\/127\/revisions\/322"}],"wp:attachment":[{"href":"https:\/\/bienvenida.augustushotels.es\/fr\/wp-json\/wp\/v2\/media?parent=127"}],"curies":[{"name":"wp","href":"https:\/\/api.w.org\/{rel}","templated":true}]}}