{"id":143,"date":"2021-03-29T08:00:34","date_gmt":"2021-03-29T08:00:34","guid":{"rendered":"https:\/\/bienvenida.augustushotels.es\/hotel-cesar-augustus\/"},"modified":"2024-08-01T10:43:54","modified_gmt":"2024-08-01T10:43:54","slug":"hotel-cesar-augustus","status":"publish","type":"page","link":"https:\/\/bienvenida.augustushotels.es\/ca\/hotel-cesar-augustus\/","title":{"rendered":"Hotel Cesar Augustus"},"content":{"rendered":"<p>[vc_row][vc_column][vc_single_image image=&#8221;452&#8243; img_size=&#8221;full&#8221; alignment=&#8221;center&#8221;][\/vc_column][\/vc_row][vc_row][vc_column][vc_column_text]<\/p>\n<h2 style=\"text-align: center;\">\u00a1Benvingut\/da a l&#8217;hotel Cesar Augustus!<\/h2>\n<p>[\/vc_column_text][vc_column_text]<\/p>\n<div class=\"vc_row wpb_row vc_row-fluid\">\n<div class=\"wpb_column vc_column_container vc_col-sm-12\">\n<div class=\"vc_column-inner \">\n<div class=\"wpb_wrapper\">\n<div class=\"wpb_text_column wpb_content_element \">\n<div class=\"wpb_wrapper\">\n<p style=\"text-align: center;\">A continuaci\u00f3 trobar\u00e0 tota la informaci\u00f3 necess\u00e0ria per a una estada perfecta al nostre hotel. Esperem que gaudeixi d&#8217;una gran experi\u00e8ncia a l&#8217;Hotel Cesar\u00a0 Augustus, nosaltres farem tot el possible perqu\u00e8 aix\u00ed sigui.<\/p>\n<\/div>\n<\/div>\n<\/div>\n<\/div>\n<\/div>\n<\/div>\n<div class=\"vc_row wpb_row vc_row-fluid\">\n<div class=\"wpb_column vc_column_container vc_col-sm-12\">\n<div class=\"vc_column-inner \">\n<div class=\"wpb_wrapper\">\n<div class=\"vc_row wpb_row vc_inner vc_row-fluid\">\n<div class=\"wpb_column vc_column_container vc_col-sm-6\">\n<div class=\"vc_column-inner \">\n<div class=\"wpb_wrapper\">\n<div class=\"wpb_text_column wpb_content_element \">\n<div class=\"wpb_wrapper\"><\/div>\n<\/div>\n<\/div>\n<\/div>\n<\/div>\n<\/div>\n<\/div>\n<\/div>\n<\/div>\n<\/div>\n<p>[\/vc_column_text][\/vc_column][\/vc_row][vc_row][vc_column][vc_row_inner][vc_column_inner width=&#8221;1\/2&#8243;][vc_column_text]<\/p>\n<h3 style=\"text-align: center;\">Agenda d&#8217;activitats<\/h3>\n<p>[\/vc_column_text][vc_single_image image=&#8221;132&#8243; img_size=&#8221;medium&#8221; alignment=&#8221;center&#8221;][vc_btn title=&#8221;Anar a agenda d&#8217;activitats&#8221; style=&#8221;classic&#8221; color=&#8221;info&#8221; align=&#8221;center&#8221; link=&#8221;url:https%3A%2F%2Fbienvenida.augustushotels.es%2Fca%2Fagenda-de-actividades-cesar-augustus%2F|title:agenda%20de%20actividades%20Cesar%20Augustus||&#8221;][\/vc_column_inner][vc_column_inner width=&#8221;1\/2&#8243;][vc_column_text]<\/p>\n<h3 style=\"text-align: center;\">Informaci\u00f3 i serveis<\/h3>\n<div id=\"gtx-trans\" style=\"position: absolute; left: 363px; top: 43.7188px;\">\n<div class=\"gtx-trans-icon\"><\/div>\n<\/div>\n<p>[\/vc_column_text][vc_single_image image=&#8221;1437&#8243; img_size=&#8221;medium&#8221; alignment=&#8221;center&#8221;][vc_btn title=&#8221;Anar a informaci\u00f3 i serveis&#8221; style=&#8221;classic&#8221; color=&#8221;info&#8221; align=&#8221;center&#8221; link=&#8221;url:https%3A%2F%2Fbienvenida.augustushotels.es%2Fca%2Finformacio-i-serveis-cesar-augustus%2F|||&#8221;][\/vc_column_inner][\/vc_row_inner][\/vc_column][\/vc_row]<\/p>\n","protected":false},"excerpt":{"rendered":"<p>[vc_row][vc_column][vc_single_image image=&#8221;452&#8243; img_size=&#8221;full&#8221; alignment=&#8221;center&#8221;][\/vc_column][\/vc_row][vc_row][vc_column][vc_column_text]<br \/>\n\u00a1Benvingut\/da a l&#8217;hotel Cesar Augustus!<br \/>\n[\/vc_column_text][vc_column_text]<\/p>\n<p>\nA continuaci\u00f3 trobar\u00e0 tota <\/p>\n","protected":false},"author":2,"featured_media":0,"parent":0,"menu_order":0,"comment_status":"closed","ping_status":"closed","template":"","meta":{"footnotes":""},"class_list":["post-143","page","type-page","status-publish","hentry"],"_links":{"self":[{"href":"https:\/\/bienvenida.augustushotels.es\/ca\/wp-json\/wp\/v2\/pages\/143","targetHints":{"allow":["GET"]}}],"collection":[{"href":"https:\/\/bienvenida.augustushotels.es\/ca\/wp-json\/wp\/v2\/pages"}],"about":[{"href":"https:\/\/bienvenida.augustushotels.es\/ca\/wp-json\/wp\/v2\/types\/page"}],"author":[{"embeddable":true,"href":"https:\/\/bienvenida.augustushotels.es\/ca\/wp-json\/wp\/v2\/users\/2"}],"replies":[{"embeddable":true,"href":"https:\/\/bienvenida.augustushotels.es\/ca\/wp-json\/wp\/v2\/comments?post=143"}],"version-history":[{"count":9,"href":"https:\/\/bienvenida.augustushotels.es\/ca\/wp-json\/wp\/v2\/pages\/143\/revisions"}],"predecessor-version":[{"id":1442,"href":"https:\/\/bienvenida.augustushotels.es\/ca\/wp-json\/wp\/v2\/pages\/143\/revisions\/1442"}],"wp:attachment":[{"href":"https:\/\/bienvenida.augustushotels.es\/ca\/wp-json\/wp\/v2\/media?parent=143"}],"curies":[{"name":"wp","href":"https:\/\/api.w.org\/{rel}","templated":true}]}}